{"id":444,"date":"2021-08-30T18:06:10","date_gmt":"2021-08-30T18:06:10","guid":{"rendered":"https:\/\/www.nicola-haastert.de\/?page_id=444"},"modified":"2021-08-30T18:09:19","modified_gmt":"2021-08-30T18:09:19","slug":"liebscher-bracht-schmerztherapie","status":"publish","type":"page","link":"https:\/\/www.nicola-haastert.de\/index.php\/liebscher-bracht-schmerztherapie\/","title":{"rendered":"Schmerztherapie nach Liebscher &#038; Bracht\u00ae"},"content":{"rendered":"<p>Seit September 2020 therapiere ich Schmerzen im gesamten Bewegungsapparat nach der Liebscher &amp; Bracht\u00ae Methode.<\/p>\n<p>Ich selbst habe mich Anfang 2020 auf das &#8222;Experiment&#8220; eines v\u00f6llig neuen Denkansatzes eingelassen und mich in umfassenden Online- und Pr\u00e4senz-Schulungen (als sie wieder m\u00f6glich waren) in der Technik der &#8222;Osteopressur&#8220; nach Liebscher &amp; Bracht ausbilden lassen.<\/p>\n<p>Dieser Methode liegt ein v\u00f6llig anderer Denkansatz zur Schmerzentstehung zugrunde, der vom Gr\u00fcnder Roland Liebscher-Bracht in 30 Jahren stetig verfeinert und sowohl in Behandlungen durch Therapeuten als auch in Selbstbehandlung durch den Schmerzpatienten umgesetzt wurde.<\/p>\n<p>Bevor ich mir anma\u00dfe, Details hier auf meiner Homepage zu ver\u00f6ffentlichen, an deren Entstehung ich keinen Anteil habe, verweise ich auf die offizielle <a href=\"http:\/\/www.liebscher-bracht.com\">Homepage von Liebscher &amp; Bracht<\/a> und die umfassenden fachkundigen Ausf\u00fchrungen dort. Ferner sind die beiden Spiegel-Bestseller &#8222;Deutschland hat R\u00fccken&#8220; und die &#8222;Arthrose-L\u00fcge&#8220; sehr ansprechende aber f\u00fcr den Laien verst\u00e4ndliche Literatur, um die Schmerzentstehung und den Behandlungserfolg auch in bereits als &#8222;aussichtslos&#8220; deklarierten Schmerz-Zust\u00e4nden zu verstehen.<\/p>\n<p>Klassische Einsatzgebiete der Osteopressur nach Liebscher &amp; Bracht sind auszugsweise:<\/p>\n<ul>\n<li>Schmerzen entlang der gesamten Wirbels\u00e4ule einschlie\u00dflich Bandscheiben-Diagnosen<img loading=\"lazy\" decoding=\"async\" class=\" wp-image-486 alignright\" src=\"https:\/\/www.nicola-haastert.de\/wp-content\/uploads\/2021\/08\/AZBUE6316-254x300.jpg\" alt=\"Ausbildung erfolgreich abgeschlossen\" width=\"214\" height=\"253\" srcset=\"https:\/\/www.nicola-haastert.de\/wp-content\/uploads\/2021\/08\/AZBUE6316-254x300.jpg 254w, https:\/\/www.nicola-haastert.de\/wp-content\/uploads\/2021\/08\/AZBUE6316-866x1024.jpg 866w, https:\/\/www.nicola-haastert.de\/wp-content\/uploads\/2021\/08\/AZBUE6316-768x909.jpg 768w, https:\/\/www.nicola-haastert.de\/wp-content\/uploads\/2021\/08\/AZBUE6316.jpg 1027w\" sizes=\"auto, (max-width: 214px) 100vw, 214px\" \/><\/li>\n<li>Kalkschulter<\/li>\n<li>Knieschmerzen<\/li>\n<li>Tennis- \/ Golfer-Ellenbogen<\/li>\n<li>Karpaltunnelsyndrom, Maushand<\/li>\n<li>Schnappfinger<\/li>\n<li>Kopfschmerzen, Nackenschmerzen<\/li>\n<li>Brustenge und Reflux<\/li>\n<li>H\u00fcft- und Oberschenkelschmerzen<\/li>\n<li>Fersensporn<\/li>\n<\/ul>\n<p>um nur einen Auswahl zu nennen.<\/p>\n<p>Von meiner Seite ermutige ich jeden, bevor er sich mit &#8222;chronischen Schmerzen&#8220; abfindet, einmal die Methode der Osteopressur f\u00fcr den vorhandenen Schmerzbereich auszuprobieren. In einem Vorgespr\u00e4ch nehme ich mir gerne die Zeit, die Therapie genau zu erl\u00e4utern und die Einsatzgebiete zu beschreiben.<\/p>\n<p>Eine nachfolgende Behandlung beginnt mit der Identifikation einer eindeutigen schmerzhaften K\u00f6rperposition, die nach der Behandlung von 60-90 Minuten erneut eingenommen wird und somit dem Patienten den sofortigen Vergleich zwischen &#8222;vorher&#8220; und &#8222;nachher&#8220; erm\u00f6glicht. Zus\u00e4tzlich zur Behandlung durch mich als Therapeuten erhalten Sie \u00dcbungsmaterial einschlie\u00dflich einer pers\u00f6nlichen Anleitung, um einen erreichten schmerzreduzierten Zustand aus eigenem Bestreben erhalten zu k\u00f6nnen.<\/p>\n<p>Gem\u00e4\u00df dem Heilmittelwerbegesetz ist es mir als Heilpraktikerin untersagt, Heilversprechen abzugeben und Aussagen zur Wirkung einer Behandlungstherapie zu machen. Wer daher diese Chance, aus dem Schmerzkarussell auszubrechen, einmal versuchen m\u00f6chte, kann gerne unter der angegebenen email-Adresse oder der bekannten Mobiltelefon-Nummer einen Termin vereinbaren.<\/p>\n<p>&nbsp;<\/p>\n","protected":false},"excerpt":{"rendered":"<p>Seit September 2020 therapiere ich Schmerzen im gesamten Bewegungsapparat nach der Liebscher &amp; Bracht\u00ae Methode. Ich selbst habe mich Anfang 2020 auf das &#8222;Experiment&#8220; eines v\u00f6llig neuen Denkansatzes eingelassen und mich in umfassenden Online- und Pr\u00e4senz-Schulungen (als sie wieder m\u00f6glich waren) in der Technik der &#8222;Osteopressur&#8220; nach Liebscher &amp; Bracht ausbilden lassen. Dieser Methode liegt&hellip; <a href=\"https:\/\/www.nicola-haastert.de\/index.php\/liebscher-bracht-schmerztherapie\/\" class=\"more-link\">Weiterlesen <span class=\"screen-reader-text\">Schmerztherapie nach Liebscher &#038; Bracht\u00ae<\/span><\/a><\/p>\n","protected":false},"author":2,"featured_media":0,"parent":0,"menu_order":0,"comment_status":"closed","ping_status":"closed","template":"","meta":{"footnotes":""},"class_list":["post-444","page","type-page","status-publish","hentry","without-featured-image"],"_links":{"self":[{"href":"https:\/\/www.nicola-haastert.de\/index.php\/wp-json\/wp\/v2\/pages\/444","targetHints":{"allow":["GET"]}}],"collection":[{"href":"https:\/\/www.nicola-haastert.de\/index.php\/wp-json\/wp\/v2\/pages"}],"about":[{"href":"https:\/\/www.nicola-haastert.de\/index.php\/wp-json\/wp\/v2\/types\/page"}],"author":[{"embeddable":true,"href":"https:\/\/www.nicola-haastert.de\/index.php\/wp-json\/wp\/v2\/users\/2"}],"replies":[{"embeddable":true,"href":"https:\/\/www.nicola-haastert.de\/index.php\/wp-json\/wp\/v2\/comments?post=444"}],"version-history":[{"count":6,"href":"https:\/\/www.nicola-haastert.de\/index.php\/wp-json\/wp\/v2\/pages\/444\/revisions"}],"predecessor-version":[{"id":488,"href":"https:\/\/www.nicola-haastert.de\/index.php\/wp-json\/wp\/v2\/pages\/444\/revisions\/488"}],"wp:attachment":[{"href":"https:\/\/www.nicola-haastert.de\/index.php\/wp-json\/wp\/v2\/media?parent=444"}],"curies":[{"name":"wp","href":"https:\/\/api.w.org\/{rel}","templated":true}]}}