{"id":174,"date":"2018-06-23T12:53:52","date_gmt":"2018-06-23T12:53:52","guid":{"rendered":"https:\/\/www.nicola-haastert.de\/?page_id=174"},"modified":"2018-06-24T10:33:35","modified_gmt":"2018-06-24T10:33:35","slug":"skribben","status":"publish","type":"page","link":"https:\/\/www.nicola-haastert.de\/index.php\/manuelle-therapien\/skribben\/","title":{"rendered":"Skribben"},"content":{"rendered":"<p>Skibben ist eine in l\u00e4ndlichen Gebieten Deutschlands seit Generationen angewandte manuelle Methode zur Behandlung von Wirbels\u00e4ulen- und Gelenkerkrankungen. Fast identische Techniken sind regional auch unter anderen Namen bekannt wie sanfte Chiropraktik nach Marienhoff oder Ostfriesische Chiropraktik. All diese Methoden entspringen der uralten mitteleurop\u00e4ischen Tradition der &#8222;Knochensetzer&#8220; und Kr\u00e4uterfrauen&#8220;. Nach der Dorn-Therapie, die sich zwischenzeitlich weit \u00fcber Deutschlands Grenzen verbreitet hat, findet das Skribben ebenfalls immer mehr (internationale) Beachtung.<br \/>\nVerdient gemacht hat sich vor allem der Allg\u00e4uer Arzt Dr. Klaus Karsch, der \u00fcber Jahre hinweg viele Laienheiler in ganz Deutschland aufsuchte und sich deren Techniken angeeignet hat.<\/p>\n<p>Durch Skribben k\u00f6nnen nahezu alle Gelenke behandelt werden, als besonders effektiv hat sich die Behandlung der Extremit\u00e4tengelenke herausgestellt.<\/p>\n<p>Skribben verfolgt den pathologischen Ansatz, dass Schmerzen in den Gelenken meist nicht durch degenerative Ver\u00e4nderungen im Gelenk selbst, sondern durch Kontraktionen der Sehnen um das Gelenk herum verursacht werden. Diese Sehnenverk\u00fcrzungen erh\u00f6hen den Druck im Gelenk und f\u00fchren zu<\/p>\n<ul>\n<li>Bewegungseinschr\u00e4nkungen<\/li>\n<li>Schmerzen und nachfolgend auch zu<\/li>\n<li>degenerativen Ver\u00e4nderungen im Gelenk (Arthrosen)<\/li>\n<\/ul>\n<p>Ziel des Skribbens ist es, die Sehnen zu entspannen und so die Druckbelastung im Gelenk zu reduzieren. Selbst bei bereits eingetretenen degenerativen Ver\u00e4nderungen und Gelenkfehlstellungen k\u00f6nnen beachtliche Erfolge erzielt werden.<\/p>\n","protected":false},"excerpt":{"rendered":"<p>Skibben ist eine in l\u00e4ndlichen Gebieten Deutschlands seit Generationen angewandte manuelle Methode zur Behandlung von Wirbels\u00e4ulen- und Gelenkerkrankungen. Fast identische Techniken sind regional auch unter anderen Namen bekannt wie sanfte Chiropraktik nach Marienhoff oder Ostfriesische Chiropraktik. All diese Methoden entspringen der uralten mitteleurop\u00e4ischen Tradition der &#8222;Knochensetzer&#8220; und Kr\u00e4uterfrauen&#8220;. Nach der Dorn-Therapie, die sich zwischenzeitlich weit&hellip; <a href=\"https:\/\/www.nicola-haastert.de\/index.php\/manuelle-therapien\/skribben\/\" class=\"more-link\">Weiterlesen <span class=\"screen-reader-text\">Skribben<\/span><\/a><\/p>\n","protected":false},"author":1,"featured_media":0,"parent":81,"menu_order":0,"comment_status":"closed","ping_status":"closed","template":"","meta":{"footnotes":""},"class_list":["post-174","page","type-page","status-publish","hentry","without-featured-image"],"_links":{"self":[{"href":"https:\/\/www.nicola-haastert.de\/index.php\/wp-json\/wp\/v2\/pages\/174","targetHints":{"allow":["GET"]}}],"collection":[{"href":"https:\/\/www.nicola-haastert.de\/index.php\/wp-json\/wp\/v2\/pages"}],"about":[{"href":"https:\/\/www.nicola-haastert.de\/index.php\/wp-json\/wp\/v2\/types\/page"}],"author":[{"embeddable":true,"href":"https:\/\/www.nicola-haastert.de\/index.php\/wp-json\/wp\/v2\/users\/1"}],"replies":[{"embeddable":true,"href":"https:\/\/www.nicola-haastert.de\/index.php\/wp-json\/wp\/v2\/comments?post=174"}],"version-history":[{"count":2,"href":"https:\/\/www.nicola-haastert.de\/index.php\/wp-json\/wp\/v2\/pages\/174\/revisions"}],"predecessor-version":[{"id":275,"href":"https:\/\/www.nicola-haastert.de\/index.php\/wp-json\/wp\/v2\/pages\/174\/revisions\/275"}],"up":[{"embeddable":true,"href":"https:\/\/www.nicola-haastert.de\/index.php\/wp-json\/wp\/v2\/pages\/81"}],"wp:attachment":[{"href":"https:\/\/www.nicola-haastert.de\/index.php\/wp-json\/wp\/v2\/media?parent=174"}],"curies":[{"name":"wp","href":"https:\/\/api.w.org\/{rel}","templated":true}]}}