{"id":168,"date":"2018-01-23T12:48:44","date_gmt":"2018-01-23T12:48:44","guid":{"rendered":"https:\/\/www.nicola-haastert.de\/?page_id=168"},"modified":"2018-06-24T07:15:34","modified_gmt":"2018-06-24T07:15:34","slug":"breuss-massage","status":"publish","type":"page","link":"https:\/\/www.nicola-haastert.de\/index.php\/manuelle-therapien\/breuss-massage\/","title":{"rendered":"Breu\u00df-Massage"},"content":{"rendered":"<p>Bei der Breu\u00df-Massage handelt es sich um eine energetisch-manuelle R\u00fcckenmassage, die sanft k\u00f6rperliche und auch seelische Verspannungen l\u00f6sen kann. Die Wirbels\u00e4ule wird gestreckt und gestaute Energie wird wieder zum Flie\u00dfen gebracht.<\/p>\n<p>H\u00e4ufig wird die Breu\u00df-Massage in Kombination mit der Dorn-Therapie angewendet. Insbesondere bei schmerzhaften Zust\u00e4nden der Wirbels\u00e4ule ist sie oftmals erster Ansatz und Mittel zu Wahl, die Schmerzpunkte zu entspannen und nachfolgend zu deblockieren. Im Anschluss an eine Dorn-Behandlung f\u00fchrt die Breu\u00df-Massage zur Stabilisierung der Wirbelk\u00f6rper in ihrer korrigierten Stellung.<\/p>\n<p>Durch die sanfte Dehnung der Wirbels\u00e4ule ist eine Breu\u00df-Massage insbesondere bei Bandscheiben-Vorf\u00e4llen und -Vorw\u00f6lbungen wirkungsvoll schmerzreduzierend. Die Verbreiterung der Zonen zwischen den Wirbeln unterst\u00fctzt die Bandscheiben, in ihre optimale Form zur\u00fcckzukehren. Wegen der Sanftheit der Massage kann diese auch dann angewendet werden, wenn andere Therapieformen schmerzhaft und damit kontraproduktiv sind.<\/p>\n<p>\u00dcber die somatische Wirkung hinaus hat die Breu\u00df-Massage eine stark ausgleichende Wirkung auf das Nervensystem. Regelm\u00e4\u00dfig angewendet kann sie Patienten helfen, aus dem Zustand st\u00e4ndiger Anspannung herauszufinden. Bei vegetativer Dystonie wird das \u00fcberreizte Nervensystem unterst\u00fctzt, wodurch emotionale und mentale Reserven wieder aufgebaut werden k\u00f6nnen.<\/p>\n","protected":false},"excerpt":{"rendered":"<p>Bei der Breu\u00df-Massage handelt es sich um eine energetisch-manuelle R\u00fcckenmassage, die sanft k\u00f6rperliche und auch seelische Verspannungen l\u00f6sen kann. Die Wirbels\u00e4ule wird gestreckt und gestaute Energie wird wieder zum Flie\u00dfen gebracht. H\u00e4ufig wird die Breu\u00df-Massage in Kombination mit der Dorn-Therapie angewendet. Insbesondere bei schmerzhaften Zust\u00e4nden der Wirbels\u00e4ule ist sie oftmals erster Ansatz und Mittel zu&hellip; <a href=\"https:\/\/www.nicola-haastert.de\/index.php\/manuelle-therapien\/breuss-massage\/\" class=\"more-link\">Weiterlesen <span class=\"screen-reader-text\">Breu\u00df-Massage<\/span><\/a><\/p>\n","protected":false},"author":1,"featured_media":0,"parent":81,"menu_order":0,"comment_status":"closed","ping_status":"closed","template":"","meta":{"footnotes":""},"class_list":["post-168","page","type-page","status-publish","hentry","without-featured-image"],"_links":{"self":[{"href":"https:\/\/www.nicola-haastert.de\/index.php\/wp-json\/wp\/v2\/pages\/168","targetHints":{"allow":["GET"]}}],"collection":[{"href":"https:\/\/www.nicola-haastert.de\/index.php\/wp-json\/wp\/v2\/pages"}],"about":[{"href":"https:\/\/www.nicola-haastert.de\/index.php\/wp-json\/wp\/v2\/types\/page"}],"author":[{"embeddable":true,"href":"https:\/\/www.nicola-haastert.de\/index.php\/wp-json\/wp\/v2\/users\/1"}],"replies":[{"embeddable":true,"href":"https:\/\/www.nicola-haastert.de\/index.php\/wp-json\/wp\/v2\/comments?post=168"}],"version-history":[{"count":4,"href":"https:\/\/www.nicola-haastert.de\/index.php\/wp-json\/wp\/v2\/pages\/168\/revisions"}],"predecessor-version":[{"id":260,"href":"https:\/\/www.nicola-haastert.de\/index.php\/wp-json\/wp\/v2\/pages\/168\/revisions\/260"}],"up":[{"embeddable":true,"href":"https:\/\/www.nicola-haastert.de\/index.php\/wp-json\/wp\/v2\/pages\/81"}],"wp:attachment":[{"href":"https:\/\/www.nicola-haastert.de\/index.php\/wp-json\/wp\/v2\/media?parent=168"}],"curies":[{"name":"wp","href":"https:\/\/api.w.org\/{rel}","templated":true}]}}