{"id":105,"date":"2018-04-23T10:17:11","date_gmt":"2018-04-23T10:17:11","guid":{"rendered":"https:\/\/www.nicola-haastert.de\/?page_id=105"},"modified":"2019-09-13T17:05:05","modified_gmt":"2019-09-13T17:05:05","slug":"fango","status":"publish","type":"page","link":"https:\/\/www.nicola-haastert.de\/index.php\/manuelle-therapien\/fango\/","title":{"rendered":"Fango"},"content":{"rendered":"<p><img loading=\"lazy\" decoding=\"async\" class=\" wp-image-113 alignleft\" src=\"https:\/\/www.nicola-haastert.de\/wp-content\/uploads\/2018\/06\/Fango-Kompressen-300x300.jpg\" alt=\"\" width=\"230\" height=\"230\" srcset=\"https:\/\/www.nicola-haastert.de\/wp-content\/uploads\/2018\/06\/Fango-Kompressen-300x300.jpg 300w, https:\/\/www.nicola-haastert.de\/wp-content\/uploads\/2018\/06\/Fango-Kompressen-150x150.jpg 150w, https:\/\/www.nicola-haastert.de\/wp-content\/uploads\/2018\/06\/Fango-Kompressen-768x768.jpg 768w, https:\/\/www.nicola-haastert.de\/wp-content\/uploads\/2018\/06\/Fango-Kompressen-1024x1024.jpg 1024w, https:\/\/www.nicola-haastert.de\/wp-content\/uploads\/2018\/06\/Fango-Kompressen-180x180.jpg 180w\" sizes=\"auto, (max-width: 230px) 100vw, 230px\" \/>Das Wort <strong>Fango<\/strong> kommt aus dem Italienischen und bedeutet \u201e(heilender) Schlamm\u201c.<\/p>\n<p>Beim Fango im urspr\u00fcnglichen Sinne handelt es sich um einen mineralischen Schlamm vulkanischen Ursprungs, der durch monatelange, sogenannte \u201eReifung\u201c seine besondere Qualit\u00e4t erreicht. In Deutschland wird, nicht zuletzt aus hygienischen Gr\u00fcnden, auf diesen Reifungsprozess verzichtet.<\/p>\n<p>Bei Fango- bzw. Naturschlamm-Anwendungen k\u00f6nnen vulkanische Schl\u00e4mme aber auch Moore und Schl\u00e4mme aus speziellen Regionen Europas Verwendung finden.<\/p>\n<p>Bei der klassischen Fangopackung wird der K\u00f6rper mit dem erw\u00e4rmten Fangoschlamm einbalsamiert und in Laken gewickelt.<\/p>\n<p>Die gleiche Wirkung kann man jedoch auch durch das Auflegen von trockenen, auf die gleiche Temperatur wie der Schlamm erhitzten Fango-Kompressen erzielen. Diese Anwendungsform wird in meiner Praxis bevorzugt.<\/p>\n<p><strong>Anwendungsgebiete<\/strong> f\u00fcr Fango sind<\/p>\n<section class=\"av_textblock_section\">\n<div class=\"avia_textblock \">\n<ul>\n<li>R\u00fccken-, Schulter- und Nackenschmerzen einschlie\u00dflich Ischialgien und Lumbago<\/li>\n<li>Rheumatische Formen in Bindegewebe und Muskeln<\/li>\n<li>Chronisch rheumatische Gelenkerkrankungen<\/li>\n<li>Muskelverspannungen, insbesondere in den Bereichen R\u00fccken und Knie<\/li>\n<li>St\u00f6rungen der Durchblutung und des Stoffwechsels<\/li>\n<li>Verkrampfungen<\/li>\n<li>Sehnenscheidenentz\u00fcndungen<\/li>\n<li>Regelbeschwerden<\/li>\n<\/ul>\n<p>Die Fangobehandlung wird dabei<\/p>\n<ul>\n<li>durchblutungsf\u00f6rdernd<\/li>\n<li>schmerzlindernd<\/li>\n<li>muskelentspannend<\/li>\n<li>faszienlockernd<\/li>\n<\/ul>\n<p>Sie wird in meiner Praxis auch zur Vorbereitung einer Dorn-Therapie bzw. vor schmerztherapeutischen Massagen angewandt.<\/p>\n<\/div>\n<\/section>\n","protected":false},"excerpt":{"rendered":"<p>Das Wort Fango kommt aus dem Italienischen und bedeutet \u201e(heilender) Schlamm\u201c. Beim Fango im urspr\u00fcnglichen Sinne handelt es sich um einen mineralischen Schlamm vulkanischen Ursprungs, der durch monatelange, sogenannte \u201eReifung\u201c seine besondere Qualit\u00e4t erreicht. In Deutschland wird, nicht zuletzt aus hygienischen Gr\u00fcnden, auf diesen Reifungsprozess verzichtet. Bei Fango- bzw. Naturschlamm-Anwendungen k\u00f6nnen vulkanische Schl\u00e4mme aber auch&hellip; <a href=\"https:\/\/www.nicola-haastert.de\/index.php\/manuelle-therapien\/fango\/\" class=\"more-link\">Weiterlesen <span class=\"screen-reader-text\">Fango<\/span><\/a><\/p>\n","protected":false},"author":1,"featured_media":0,"parent":81,"menu_order":0,"comment_status":"closed","ping_status":"closed","template":"","meta":{"footnotes":""},"class_list":["post-105","page","type-page","status-publish","hentry","without-featured-image"],"_links":{"self":[{"href":"https:\/\/www.nicola-haastert.de\/index.php\/wp-json\/wp\/v2\/pages\/105","targetHints":{"allow":["GET"]}}],"collection":[{"href":"https:\/\/www.nicola-haastert.de\/index.php\/wp-json\/wp\/v2\/pages"}],"about":[{"href":"https:\/\/www.nicola-haastert.de\/index.php\/wp-json\/wp\/v2\/types\/page"}],"author":[{"embeddable":true,"href":"https:\/\/www.nicola-haastert.de\/index.php\/wp-json\/wp\/v2\/users\/1"}],"replies":[{"embeddable":true,"href":"https:\/\/www.nicola-haastert.de\/index.php\/wp-json\/wp\/v2\/comments?post=105"}],"version-history":[{"count":5,"href":"https:\/\/www.nicola-haastert.de\/index.php\/wp-json\/wp\/v2\/pages\/105\/revisions"}],"predecessor-version":[{"id":375,"href":"https:\/\/www.nicola-haastert.de\/index.php\/wp-json\/wp\/v2\/pages\/105\/revisions\/375"}],"up":[{"embeddable":true,"href":"https:\/\/www.nicola-haastert.de\/index.php\/wp-json\/wp\/v2\/pages\/81"}],"wp:attachment":[{"href":"https:\/\/www.nicola-haastert.de\/index.php\/wp-json\/wp\/v2\/media?parent=105"}],"curies":[{"name":"wp","href":"https:\/\/api.w.org\/{rel}","templated":true}]}}